{"id":7,"date":"2025-06-02T14:51:46","date_gmt":"2025-06-02T14:51:46","guid":{"rendered":"https:\/\/blog.bgsystems.com.br\/?page_id=2"},"modified":"2025-06-02T14:51:46","modified_gmt":"2025-06-02T14:51:46","slug":"sample-page-2","status":"publish","type":"page","link":"https:\/\/bgsystems.com.br\/blog\/sample-page-2\/","title":{"rendered":"BG Sistemas de Automa\u00e7\u00e3o"},"content":{"rendered":"\n<p>Sobre a BG Sistemas<\/p>\n\n\n\n<p>Conhe\u00e7a nossa hist\u00f3ria e os valores que orientam nosso trabalho<\/p>\n\n\n\n<h2 class=\"wp-block-heading\">Quem Somos<\/h2>\n\n\n\n<p>A BG Sistemas de Automa\u00e7\u00e3o \u00e9 especializada em solu\u00e7\u00f5es de identifica\u00e7\u00e3o e rastreabilidade para empresas que buscam efici\u00eancia operacional. Desde nossa funda\u00e7\u00e3o em 2010, temos trabalhado com clientes de diversos setores, oferecendo servi\u00e7os completos de instala\u00e7\u00e3o, integra\u00e7\u00e3o e manuten\u00e7\u00e3o.<\/p>\n\n\n\n<p>Trabalhamos com tecnologias de ponta, integrando os principais equipamentos e softwares do mercado, garantindo a continuidade operacional e minimizando paradas n\u00e3o programadas em ambientes industriais.<\/p>\n\n\n\n<p>Nosso time \u00e9 formado por profissionais certificados pelos fabricantes e qualificados em automa\u00e7\u00e3o industrial, sistemas de identifica\u00e7\u00e3o e rastreabilidade, desenvolvimento de software e gest\u00e3o de projetos.<\/p>\n\n\n\n<div class=\"wp-block-buttons is-layout-flex wp-block-buttons-is-layout-flex\">\n<div class=\"wp-block-button\"><a class=\"wp-block-button__link wp-element-button\" href=\"https:\/\/bgsystems.com.br\" target=\"_blank\" rel=\"noreferrer noopener\">Visite Nosso Site<\/a><\/div>\n<\/div>\n\n\n\n<p><\/p>\n","protected":false},"excerpt":{"rendered":"<p>Sobre a BG Sistemas Conhe\u00e7a nossa hist\u00f3ria e os valores que orientam nosso trabalho Quem Somos A BG Sistemas de Automa\u00e7\u00e3o \u00e9 especializada em solu\u00e7\u00f5es de identifica\u00e7\u00e3o e rastreabilidade para empresas que buscam efici\u00eancia operacional. Desde nossa funda\u00e7\u00e3o em 2010, temos trabalhado com clientes de diversos setores, oferecendo servi\u00e7os completos de instala\u00e7\u00e3o, integra\u00e7\u00e3o e manuten\u00e7\u00e3o. [&hellip;]<\/p>\n","protected":false},"author":1,"featured_media":0,"parent":0,"menu_order":0,"comment_status":"closed","ping_status":"open","template":"","meta":{"pagelayer_contact_templates":[],"_pagelayer_content":"","footnotes":""},"class_list":["post-7","page","type-page","status-publish","hentry"],"_links":{"self":[{"href":"https:\/\/bgsystems.com.br\/blog\/wp-json\/wp\/v2\/pages\/7","targetHints":{"allow":["GET"]}}],"collection":[{"href":"https:\/\/bgsystems.com.br\/blog\/wp-json\/wp\/v2\/pages"}],"about":[{"href":"https:\/\/bgsystems.com.br\/blog\/wp-json\/wp\/v2\/types\/page"}],"author":[{"embeddable":true,"href":"https:\/\/bgsystems.com.br\/blog\/wp-json\/wp\/v2\/users\/1"}],"replies":[{"embeddable":true,"href":"https:\/\/bgsystems.com.br\/blog\/wp-json\/wp\/v2\/comments?post=7"}],"version-history":[{"count":0,"href":"https:\/\/bgsystems.com.br\/blog\/wp-json\/wp\/v2\/pages\/7\/revisions"}],"wp:attachment":[{"href":"https:\/\/bgsystems.com.br\/blog\/wp-json\/wp\/v2\/media?parent=7"}],"curies":[{"name":"wp","href":"https:\/\/api.w.org\/{rel}","templated":true}]}}